{"id":449,"date":"2023-02-22T06:44:42","date_gmt":"2023-02-22T06:44:42","guid":{"rendered":"https:\/\/www.wellbiotricks.com\/?page_id=449"},"modified":"2023-02-22T06:44:42","modified_gmt":"2023-02-22T06:44:42","slug":"a-propos-de-nous","status":"publish","type":"page","link":"https:\/\/www.wellbiotricks.com\/fr\/a-propos-de-nous\/","title":{"rendered":"\u00c0 propos de nous"},"content":{"rendered":"<p>La page \u00ab\u00a0\u00c0 propos de nous\u00a0\u00bb d&rsquo;un site Web fournit g\u00e9n\u00e9ralement des informations sur l&rsquo;entit\u00e9 ou l&rsquo;organisation responsable de l&rsquo;exploitation et de la maintenance du site Web. Les donn\u00e9es peuvent inclure la mission, l&rsquo;histoire, les valeurs et les personnes derri\u00e8re le site Web de l&rsquo;entreprise.<\/p>\n<p>Dans le cas d&rsquo;un site Web de blog Well Bio Tricks, la page \u00ab\u00a0\u00c0 propos de nous\u00a0\u00bb peut fournir des informations sur l&rsquo;\u00e9quipe de professionnels de la sant\u00e9, d&rsquo;\u00e9crivains et d&rsquo;experts qui contribuent au site Web. Il peut \u00e9galement inclure des informations sur les objectifs et le but du site Web, tels que fournir au public des informations fiables et informatives sur la sant\u00e9.<\/p>\n<p>La page \u00ab\u00a0\u00c0 propos de nous\u00a0\u00bb peut \u00eatre une ressource pr\u00e9cieuse pour les visiteurs du site Web, car elle donne un aper\u00e7u de l&rsquo;historique et des objectifs de l&rsquo;entreprise. Cela peut \u00e9galement aider les visiteurs \u00e0 \u00e9tablir la confiance dans le site Web et son contenu, car ils peuvent en apprendre davantage sur les personnes et l&rsquo;expertise qui le sous-tendent.<\/p>\n<p>&nbsp;<\/p>\n","protected":false},"excerpt":{"rendered":"<p>La page \u00ab\u00a0\u00c0 propos de nous\u00a0\u00bb d&rsquo;un site Web fournit g\u00e9n\u00e9ralement des informations sur l&rsquo;entit\u00e9 ou l&rsquo;organisation responsable de l&rsquo;exploitation et de la maintenance du site Web. Les donn\u00e9es peuvent inclure la mission, l&rsquo;histoire, les valeurs et les personnes derri\u00e8re le site Web de l&rsquo;entreprise. Dans le cas d&rsquo;un site Web de blog Well Bio [&hellip;]<\/p>\n","protected":false},"author":1,"featured_media":0,"parent":0,"menu_order":0,"comment_status":"closed","ping_status":"closed","template":"","meta":{"footnotes":""},"class_list":["post-449","page","type-page","status-publish","hentry"],"yoast_head":"<!-- This site is optimized with the Yoast SEO plugin v27.5 - https:\/\/yoast.com\/product\/yoast-seo-wordpress\/ -->\n<title>\u00c0 propos de nous - Well Bio Tricks<\/title>\n<meta name=\"robots\" content=\"index, follow, max-snippet:-1, max-image-preview:large, max-video-preview:-1\" \/>\n<link rel=\"canonical\" href=\"https:\/\/www.wellbiotricks.com\/fr\/a-propos-de-nous\/\" \/>\n<meta property=\"og:locale\" content=\"fr_FR\" \/>\n<meta property=\"og:type\" content=\"article\" \/>\n<meta property=\"og:title\" content=\"\u00c0 propos de nous - Well Bio Tricks\" \/>\n<meta property=\"og:description\" content=\"La page \u00ab\u00a0\u00c0 propos de nous\u00a0\u00bb d&rsquo;un site Web fournit g\u00e9n\u00e9ralement des informations sur l&rsquo;entit\u00e9 ou l&rsquo;organisation responsable de l&rsquo;exploitation et de la maintenance du site Web. Les donn\u00e9es peuvent inclure la mission, l&rsquo;histoire, les valeurs et les personnes derri\u00e8re le site Web de l&rsquo;entreprise. Dans le cas d&rsquo;un site Web de blog Well Bio [&hellip;]\" \/>\n<meta property=\"og:url\" content=\"https:\/\/www.wellbiotricks.com\/fr\/a-propos-de-nous\/\" \/>\n<meta property=\"og:site_name\" content=\"Well Bio Tricks\" \/>\n<meta name=\"twitter:card\" content=\"summary_large_image\" \/>\n<meta name=\"twitter:label1\" content=\"Dur\u00e9e de lecture estim\u00e9e\" \/>\n\t<meta name=\"twitter:data1\" content=\"1 minute\" \/>\n<script type=\"application\/ld+json\" class=\"yoast-schema-graph\">{\"@context\":\"https:\\\/\\\/schema.org\",\"@graph\":[{\"@type\":\"WebPage\",\"@id\":\"https:\\\/\\\/www.wellbiotricks.com\\\/fr\\\/a-propos-de-nous\\\/\",\"url\":\"https:\\\/\\\/www.wellbiotricks.com\\\/fr\\\/a-propos-de-nous\\\/\",\"name\":\"\u00c0 propos de nous - Well Bio Tricks\",\"isPartOf\":{\"@id\":\"https:\\\/\\\/www.wellbiotricks.com\\\/#website\"},\"datePublished\":\"2023-02-22T06:44:42+00:00\",\"breadcrumb\":{\"@id\":\"https:\\\/\\\/www.wellbiotricks.com\\\/fr\\\/a-propos-de-nous\\\/#breadcrumb\"},\"inLanguage\":\"fr-FR\",\"potentialAction\":[{\"@type\":\"ReadAction\",\"target\":[\"https:\\\/\\\/www.wellbiotricks.com\\\/fr\\\/a-propos-de-nous\\\/\"]}]},{\"@type\":\"BreadcrumbList\",\"@id\":\"https:\\\/\\\/www.wellbiotricks.com\\\/fr\\\/a-propos-de-nous\\\/#breadcrumb\",\"itemListElement\":[{\"@type\":\"ListItem\",\"position\":1,\"name\":\"Home\",\"item\":\"https:\\\/\\\/www.wellbiotricks.com\\\/\"},{\"@type\":\"ListItem\",\"position\":2,\"name\":\"\u00c0 propos de nous\"}]},{\"@type\":\"WebSite\",\"@id\":\"https:\\\/\\\/www.wellbiotricks.com\\\/#website\",\"url\":\"https:\\\/\\\/www.wellbiotricks.com\\\/\",\"name\":\"Well Bio Tricks\",\"description\":\"Health and Wellness Natural Products Updates\",\"potentialAction\":[{\"@type\":\"SearchAction\",\"target\":{\"@type\":\"EntryPoint\",\"urlTemplate\":\"https:\\\/\\\/www.wellbiotricks.com\\\/?s={search_term_string}\"},\"query-input\":{\"@type\":\"PropertyValueSpecification\",\"valueRequired\":true,\"valueName\":\"search_term_string\"}}],\"inLanguage\":\"fr-FR\"}]}<\/script>\n<!-- \/ Yoast SEO plugin. -->","yoast_head_json":{"title":"\u00c0 propos de nous - Well Bio Tricks","robots":{"index":"index","follow":"follow","max-snippet":"max-snippet:-1","max-image-preview":"max-image-preview:large","max-video-preview":"max-video-preview:-1"},"canonical":"https:\/\/www.wellbiotricks.com\/fr\/a-propos-de-nous\/","og_locale":"fr_FR","og_type":"article","og_title":"\u00c0 propos de nous - Well Bio Tricks","og_description":"La page \u00ab\u00a0\u00c0 propos de nous\u00a0\u00bb d&rsquo;un site Web fournit g\u00e9n\u00e9ralement des informations sur l&rsquo;entit\u00e9 ou l&rsquo;organisation responsable de l&rsquo;exploitation et de la maintenance du site Web. Les donn\u00e9es peuvent inclure la mission, l&rsquo;histoire, les valeurs et les personnes derri\u00e8re le site Web de l&rsquo;entreprise. Dans le cas d&rsquo;un site Web de blog Well Bio [&hellip;]","og_url":"https:\/\/www.wellbiotricks.com\/fr\/a-propos-de-nous\/","og_site_name":"Well Bio Tricks","twitter_card":"summary_large_image","twitter_misc":{"Dur\u00e9e de lecture estim\u00e9e":"1 minute"},"schema":{"@context":"https:\/\/schema.org","@graph":[{"@type":"WebPage","@id":"https:\/\/www.wellbiotricks.com\/fr\/a-propos-de-nous\/","url":"https:\/\/www.wellbiotricks.com\/fr\/a-propos-de-nous\/","name":"\u00c0 propos de nous - Well Bio Tricks","isPartOf":{"@id":"https:\/\/www.wellbiotricks.com\/#website"},"datePublished":"2023-02-22T06:44:42+00:00","breadcrumb":{"@id":"https:\/\/www.wellbiotricks.com\/fr\/a-propos-de-nous\/#breadcrumb"},"inLanguage":"fr-FR","potentialAction":[{"@type":"ReadAction","target":["https:\/\/www.wellbiotricks.com\/fr\/a-propos-de-nous\/"]}]},{"@type":"BreadcrumbList","@id":"https:\/\/www.wellbiotricks.com\/fr\/a-propos-de-nous\/#breadcrumb","itemListElement":[{"@type":"ListItem","position":1,"name":"Home","item":"https:\/\/www.wellbiotricks.com\/"},{"@type":"ListItem","position":2,"name":"\u00c0 propos de nous"}]},{"@type":"WebSite","@id":"https:\/\/www.wellbiotricks.com\/#website","url":"https:\/\/www.wellbiotricks.com\/","name":"Well Bio Tricks","description":"Health and Wellness Natural Products Updates","potentialAction":[{"@type":"SearchAction","target":{"@type":"EntryPoint","urlTemplate":"https:\/\/www.wellbiotricks.com\/?s={search_term_string}"},"query-input":{"@type":"PropertyValueSpecification","valueRequired":true,"valueName":"search_term_string"}}],"inLanguage":"fr-FR"}]}},"_links":{"self":[{"href":"https:\/\/www.wellbiotricks.com\/fr\/wp-json\/wp\/v2\/pages\/449","targetHints":{"allow":["GET"]}}],"collection":[{"href":"https:\/\/www.wellbiotricks.com\/fr\/wp-json\/wp\/v2\/pages"}],"about":[{"href":"https:\/\/www.wellbiotricks.com\/fr\/wp-json\/wp\/v2\/types\/page"}],"author":[{"embeddable":true,"href":"https:\/\/www.wellbiotricks.com\/fr\/wp-json\/wp\/v2\/users\/1"}],"replies":[{"embeddable":true,"href":"https:\/\/www.wellbiotricks.com\/fr\/wp-json\/wp\/v2\/comments?post=449"}],"version-history":[{"count":0,"href":"https:\/\/www.wellbiotricks.com\/fr\/wp-json\/wp\/v2\/pages\/449\/revisions"}],"wp:attachment":[{"href":"https:\/\/www.wellbiotricks.com\/fr\/wp-json\/wp\/v2\/media?parent=449"}],"curies":[{"name":"wp","href":"https:\/\/api.w.org\/{rel}","templated":true}]}}